{"id":9951,"date":"2022-09-07T15:31:36","date_gmt":"2022-09-07T14:31:36","guid":{"rendered":"https:\/\/www.clg-lou-castellas.ac-nice.fr\/?page_id=9951"},"modified":"2022-09-09T13:25:51","modified_gmt":"2022-09-09T12:25:51","slug":"ent-neo","status":"publish","type":"page","link":"https:\/\/www.clg-lou-castellas.ac-nice.fr\/?page_id=9951","title":{"rendered":"Infos N\u00e9o"},"content":{"rendered":"<h3>Pour acc\u00e9der \u00e0 N\u00e9o, veuillez cliquer <a href=\"https:\/\/moncollege-ent.var.fr\/auth\/saml\/wayf?callback=https%3A%2F%2Fmoncollege-ent.var.fr%2Ftimeline%2Ftimeline#\/\" target=\"_blank\" rel=\"noopener\">ici<\/a>.<\/h3>\n","protected":false},"excerpt":{"rendered":"<p>Pour acc\u00e9der \u00e0 N\u00e9o, veuillez cliquer ici.<\/p>\n","protected":false},"author":274,"featured_media":0,"parent":0,"menu_order":0,"comment_status":"closed","ping_status":"closed","template":"","meta":{"ngg_post_thumbnail":0,"footnotes":""},"class_list":["post-9951","page","type-page","status-publish","hentry","nodate","item-wrap"],"_links":{"self":[{"href":"https:\/\/www.clg-lou-castellas.ac-nice.fr\/index.php?rest_route=\/wp\/v2\/pages\/9951","targetHints":{"allow":["GET"]}}],"collection":[{"href":"https:\/\/www.clg-lou-castellas.ac-nice.fr\/index.php?rest_route=\/wp\/v2\/pages"}],"about":[{"href":"https:\/\/www.clg-lou-castellas.ac-nice.fr\/index.php?rest_route=\/wp\/v2\/types\/page"}],"author":[{"embeddable":true,"href":"https:\/\/www.clg-lou-castellas.ac-nice.fr\/index.php?rest_route=\/wp\/v2\/users\/274"}],"replies":[{"embeddable":true,"href":"https:\/\/www.clg-lou-castellas.ac-nice.fr\/index.php?rest_route=%2Fwp%2Fv2%2Fcomments&post=9951"}],"version-history":[{"count":2,"href":"https:\/\/www.clg-lou-castellas.ac-nice.fr\/index.php?rest_route=\/wp\/v2\/pages\/9951\/revisions"}],"predecessor-version":[{"id":10004,"href":"https:\/\/www.clg-lou-castellas.ac-nice.fr\/index.php?rest_route=\/wp\/v2\/pages\/9951\/revisions\/10004"}],"wp:attachment":[{"href":"https:\/\/www.clg-lou-castellas.ac-nice.fr\/index.php?rest_route=%2Fwp%2Fv2%2Fmedia&parent=9951"}],"curies":[{"name":"wp","href":"https:\/\/api.w.org\/{rel}","templated":true}]}}