{"id":9066,"date":"2022-03-14T09:35:14","date_gmt":"2022-03-14T08:35:14","guid":{"rendered":"https:\/\/www.clg-lou-castellas.ac-nice.fr\/?page_id=9066"},"modified":"2023-01-12T08:26:03","modified_gmt":"2023-01-12T07:26:03","slug":"prevention-violence-harcelement","status":"publish","type":"page","link":"https:\/\/www.clg-lou-castellas.ac-nice.fr\/?page_id=9066","title":{"rendered":"Pr\u00e9vention violence-harc\u00e8lement"},"content":{"rendered":"<h3 style=\"text-align: justify;\">\u2022 Vous trouverez <a href=\"https:\/\/www.clg-lou-castellas.ac-nice.fr\/wp-content\/uploads\/sites\/66\/2022\/04\/AFFICHE-PHARE-CREATION-ELEVES-rotated-1.pdf\" target=\"_blank\" rel=\"noopener\">ici<\/a> une affiche r\u00e9alis\u00e9e par les \u00e9l\u00e8ves \u00ab\u00a0Lanceurs d&rsquo;alerte\u00a0\u00bb impliqu\u00e9s dans le projet pHARe (lutte contre le harc\u00e8lement).<\/h3>\n<h3>\u2022 Le coll\u00e8ge Lou Castellas s&rsquo;engage dans le programme pHARe :<\/h3>\n<h3><a href=\"https:\/\/www.clg-lou-castellas.ac-nice.fr\/?attachment_id=9262\" rel=\"attachment wp-att-9262\"><img loading=\"lazy\" decoding=\"async\" class=\"alignleft size-medium wp-image-9262\" src=\"https:\/\/www.clg-lou-castellas.ac-nice.fr\/wp-content\/uploads\/sites\/66\/2022\/04\/infographie-pHARe-850x478.jpg\" alt=\"\" width=\"850\" height=\"478\" srcset=\"https:\/\/www.clg-lou-castellas.ac-nice.fr\/wp-content\/uploads\/sites\/66\/2022\/04\/infographie-pHARe-850x478.jpg 850w, https:\/\/www.clg-lou-castellas.ac-nice.fr\/wp-content\/uploads\/sites\/66\/2022\/04\/infographie-pHARe-250x141.jpg 250w\" sizes=\"auto, (max-width: 850px) 100vw, 850px\" \/><\/a><\/h3>\n<h3 data-setdir=\"false\">&nbsp;<\/h3>\n<h3 style=\"text-align: justify;\">\u2022 Vous trouverez, ci-dessous, des liens utiles, des num\u00e9ros de t\u00e9l\u00e9phone et des ressources pour lutter contre le harc\u00e8lement :<\/h3>\n<h3><a href=\"https:\/\/www.internetsanscrainte.fr\/\" target=\"_blank\" rel=\"noopener\">https:\/\/www.internetsanscrainte.fr\/<\/a><\/h3>\n<h3><a href=\"https:\/\/e-enfance.org\" target=\"_blank\" rel=\"noopener\">https:\/\/e-enfance.org<\/a><\/h3>\n\n\t\t<style type=\"text\/css\">\n\t\t\t#gallery-1 {\n\t\t\t\tmargin: auto;\n\t\t\t}\n\t\t\t#gallery-1 .gallery-item {\n\t\t\t\tfloat: left;\n\t\t\t\tmargin-top: 10px;\n\t\t\t\ttext-align: center;\n\t\t\t\twidth: 50%;\n\t\t\t}\n\t\t\t#gallery-1 img {\n\t\t\t\tborder: 2px solid #cfcfcf;\n\t\t\t}\n\t\t\t#gallery-1 .gallery-caption {\n\t\t\t\tmargin-left: 0;\n\t\t\t}\n\t\t\t\/* see gallery_shortcode() in wp-includes\/media.php *\/\n\t\t<\/style>\n\t\t<div id='gallery-1' class='gallery galleryid-9066 gallery-columns-2 gallery-size-full'><dl class='gallery-item'>\n\t\t\t<dt class='gallery-icon landscape'>\n\t\t\t\t<a href='https:\/\/www.clg-lou-castellas.ac-nice.fr\/?attachment_id=9065'><img loading=\"lazy\" decoding=\"async\" width=\"850\" height=\"496\" src=\"https:\/\/www.clg-lou-castellas.ac-nice.fr\/wp-content\/uploads\/sites\/66\/2022\/03\/3018-850x496-1.png\" class=\"attachment-full size-full\" alt=\"\" srcset=\"https:\/\/www.clg-lou-castellas.ac-nice.fr\/wp-content\/uploads\/sites\/66\/2022\/03\/3018-850x496-1.png 850w, https:\/\/www.clg-lou-castellas.ac-nice.fr\/wp-content\/uploads\/sites\/66\/2022\/03\/3018-850x496-1-768x448.png 768w, https:\/\/www.clg-lou-castellas.ac-nice.fr\/wp-content\/uploads\/sites\/66\/2022\/03\/3018-850x496-1-750x438.png 750w\" sizes=\"auto, (max-width: 850px) 100vw, 850px\" \/><\/a>\n\t\t\t<\/dt><\/dl><dl class='gallery-item'>\n\t\t\t<dt class='gallery-icon landscape'>\n\t\t\t\t<a href='https:\/\/www.clg-lou-castellas.ac-nice.fr\/?attachment_id=9068'><img loading=\"lazy\" decoding=\"async\" width=\"299\" height=\"168\" src=\"https:\/\/www.clg-lou-castellas.ac-nice.fr\/wp-content\/uploads\/sites\/66\/2022\/03\/telechargement.jpg\" class=\"attachment-full size-full\" alt=\"\" srcset=\"https:\/\/www.clg-lou-castellas.ac-nice.fr\/wp-content\/uploads\/sites\/66\/2022\/03\/telechargement.jpg 299w, https:\/\/www.clg-lou-castellas.ac-nice.fr\/wp-content\/uploads\/sites\/66\/2022\/03\/telechargement-250x141.jpg 250w\" sizes=\"auto, (max-width: 299px) 100vw, 299px\" \/><\/a>\n\t\t\t<\/dt><\/dl><br style=\"clear: both\" \/><dl class='gallery-item'>\n\t\t\t<dt class='gallery-icon portrait'>\n\t\t\t\t<a href='https:\/\/www.clg-lou-castellas.ac-nice.fr\/?attachment_id=9064'><img loading=\"lazy\" decoding=\"async\" width=\"1654\" height=\"2339\" src=\"https:\/\/www.clg-lou-castellas.ac-nice.fr\/wp-content\/uploads\/sites\/66\/2022\/03\/nah-cyberhac-lement-88641.png\" class=\"attachment-full size-full\" alt=\"\" srcset=\"https:\/\/www.clg-lou-castellas.ac-nice.fr\/wp-content\/uploads\/sites\/66\/2022\/03\/nah-cyberhac-lement-88641.png 1654w, https:\/\/www.clg-lou-castellas.ac-nice.fr\/wp-content\/uploads\/sites\/66\/2022\/03\/nah-cyberhac-lement-88641-768x1086.png 768w, https:\/\/www.clg-lou-castellas.ac-nice.fr\/wp-content\/uploads\/sites\/66\/2022\/03\/nah-cyberhac-lement-88641-1086x1536.png 1086w, https:\/\/www.clg-lou-castellas.ac-nice.fr\/wp-content\/uploads\/sites\/66\/2022\/03\/nah-cyberhac-lement-88641-1448x2048.png 1448w, https:\/\/www.clg-lou-castellas.ac-nice.fr\/wp-content\/uploads\/sites\/66\/2022\/03\/nah-cyberhac-lement-88641-750x1061.png 750w\" sizes=\"auto, (max-width: 1654px) 100vw, 1654px\" \/><\/a>\n\t\t\t<\/dt><\/dl>\n\t\t\t<br style='clear: both' \/>\n\t\t<\/div>\n\n<p>&nbsp;<\/p>\n","protected":false},"excerpt":{"rendered":"<p>\u2022 Vous trouverez ici une affiche r\u00e9alis\u00e9e par les \u00e9l\u00e8ves \u00ab\u00a0Lanceurs d&rsquo;alerte\u00a0\u00bb impliqu\u00e9s dans le projet pHARe (lutte contre le harc\u00e8lement). \u2022 Le coll\u00e8ge Lou Castellas s&rsquo;engage dans le programme pHARe : &nbsp; \u2022 Vous trouverez, ci-dessous, des liens utiles, des num\u00e9ros de t\u00e9l\u00e9phone et des ressources pour lutter contre le harc\u00e8lement : https:\/\/www.internetsanscrainte.fr\/ https:\/\/e-enfance.org &hellip; <\/p>\n<p><a class=\"more-link btn\" href=\"https:\/\/www.clg-lou-castellas.ac-nice.fr\/?page_id=9066\">Lire la suite<\/a><\/p>\n","protected":false},"author":274,"featured_media":0,"parent":0,"menu_order":0,"comment_status":"closed","ping_status":"closed","template":"","meta":{"ngg_post_thumbnail":0,"footnotes":""},"class_list":["post-9066","page","type-page","status-publish","hentry","nodate","item-wrap"],"_links":{"self":[{"href":"https:\/\/www.clg-lou-castellas.ac-nice.fr\/index.php?rest_route=\/wp\/v2\/pages\/9066","targetHints":{"allow":["GET"]}}],"collection":[{"href":"https:\/\/www.clg-lou-castellas.ac-nice.fr\/index.php?rest_route=\/wp\/v2\/pages"}],"about":[{"href":"https:\/\/www.clg-lou-castellas.ac-nice.fr\/index.php?rest_route=\/wp\/v2\/types\/page"}],"author":[{"embeddable":true,"href":"https:\/\/www.clg-lou-castellas.ac-nice.fr\/index.php?rest_route=\/wp\/v2\/users\/274"}],"replies":[{"embeddable":true,"href":"https:\/\/www.clg-lou-castellas.ac-nice.fr\/index.php?rest_route=%2Fwp%2Fv2%2Fcomments&post=9066"}],"version-history":[{"count":21,"href":"https:\/\/www.clg-lou-castellas.ac-nice.fr\/index.php?rest_route=\/wp\/v2\/pages\/9066\/revisions"}],"predecessor-version":[{"id":10771,"href":"https:\/\/www.clg-lou-castellas.ac-nice.fr\/index.php?rest_route=\/wp\/v2\/pages\/9066\/revisions\/10771"}],"wp:attachment":[{"href":"https:\/\/www.clg-lou-castellas.ac-nice.fr\/index.php?rest_route=%2Fwp%2Fv2%2Fmedia&parent=9066"}],"curies":[{"name":"wp","href":"https:\/\/api.w.org\/{rel}","templated":true}]}}