{"id":205,"date":"2016-04-21T08:08:22","date_gmt":"2016-04-21T07:08:22","guid":{"rendered":"http:\/\/www.clg-lou-castellas.ac-nice.fr\/?page_id=205"},"modified":"2024-12-09T08:13:17","modified_gmt":"2024-12-09T07:13:17","slug":"contact","status":"publish","type":"page","link":"https:\/\/www.clg-lou-castellas.ac-nice.fr\/?page_id=205","title":{"rendered":"Contact"},"content":{"rendered":"<h3>Coll\u00e8ge Lou Castellas<\/h3>\n<h3 style=\"text-align: justify;\"><span style=\"text-decoration: underline;\">Principal<\/span> : M. Giner<\/h3>\n<h3 style=\"text-align: justify;\"><span style=\"text-decoration: underline;\">Principal-adjoint<\/span> : M. Campa<\/h3>\n<h3 style=\"text-align: justify;\"><span style=\"text-decoration: underline;\">Secr\u00e9taire g\u00e9n\u00e9rale<\/span> : M<sup>me<\/sup> Roger<\/h3>\n<h3>17 Faubourg Notre Dame<\/h3>\n<h3>BP 60<\/h3>\n<h3>83210 Solli\u00e8s-Pont<\/h3>\n<h3>T\u00e9l. : 04 98 01 80 33<\/h3>\n<h3>Fax : 04 98 01 80 34<\/h3>\n<h3>M\u00e9l : 0831355x@ac-nice.fr<\/h3>\n<p><a href=\"https:\/\/www.google.fr\/maps\/place\/Coll%C3%A8ge+Lou+Castellas\/@43.1916492,6.0424039,17z\/data=!4m2!3m1!1s0x12c917bfaad5eab7:0xefb0e56eed94ccd9?hl=fr\" target=\"_blank\" rel=\"noopener noreferrer\"><img loading=\"lazy\" decoding=\"async\" class=\"alignleft wp-image-145 size-medium\" src=\"https:\/\/www.clg-lou-castellas.ac-nice.fr\/wp-content\/uploads\/sites\/66\/2016\/04\/image-plan-300x168.jpg\" alt=\"image plan\" width=\"300\" height=\"168\"><\/a><\/p>\n","protected":false},"excerpt":{"rendered":"<p>Coll\u00e8ge Lou Castellas Principal : M. Giner Principal-adjoint : M. Campa Secr\u00e9taire g\u00e9n\u00e9rale : Mme Roger 17 Faubourg Notre Dame BP 60 83210 Solli\u00e8s-Pont T\u00e9l. : 04 98 01 80 33 Fax : 04 98 01 80 34 M\u00e9l : 0831355x@ac-nice.fr<\/p>\n","protected":false},"author":274,"featured_media":0,"parent":0,"menu_order":0,"comment_status":"closed","ping_status":"closed","template":"","meta":{"ngg_post_thumbnail":0,"footnotes":""},"class_list":["post-205","page","type-page","status-publish","hentry","nodate","item-wrap"],"_links":{"self":[{"href":"https:\/\/www.clg-lou-castellas.ac-nice.fr\/index.php?rest_route=\/wp\/v2\/pages\/205","targetHints":{"allow":["GET"]}}],"collection":[{"href":"https:\/\/www.clg-lou-castellas.ac-nice.fr\/index.php?rest_route=\/wp\/v2\/pages"}],"about":[{"href":"https:\/\/www.clg-lou-castellas.ac-nice.fr\/index.php?rest_route=\/wp\/v2\/types\/page"}],"author":[{"embeddable":true,"href":"https:\/\/www.clg-lou-castellas.ac-nice.fr\/index.php?rest_route=\/wp\/v2\/users\/274"}],"replies":[{"embeddable":true,"href":"https:\/\/www.clg-lou-castellas.ac-nice.fr\/index.php?rest_route=%2Fwp%2Fv2%2Fcomments&post=205"}],"version-history":[{"count":8,"href":"https:\/\/www.clg-lou-castellas.ac-nice.fr\/index.php?rest_route=\/wp\/v2\/pages\/205\/revisions"}],"predecessor-version":[{"id":13717,"href":"https:\/\/www.clg-lou-castellas.ac-nice.fr\/index.php?rest_route=\/wp\/v2\/pages\/205\/revisions\/13717"}],"wp:attachment":[{"href":"https:\/\/www.clg-lou-castellas.ac-nice.fr\/index.php?rest_route=%2Fwp%2Fv2%2Fmedia&parent=205"}],"curies":[{"name":"wp","href":"https:\/\/api.w.org\/{rel}","templated":true}]}}